{"id":10044,"date":"2021-07-20T14:24:57","date_gmt":"2021-07-20T17:24:57","guid":{"rendered":"https:\/\/informetech.online\/?page_id=10044"},"modified":"2023-06-13T23:40:16","modified_gmt":"2023-06-14T02:40:16","slug":"sobre","status":"publish","type":"page","link":"https:\/\/informetech.online\/?page_id=10044","title":{"rendered":"Sobre"},"content":{"rendered":"\n<p>Seja bem vindo ao nosso site. Aqui voc\u00ea encontrar\u00e1 diversas Informa\u00e7\u00f5es do dia a dia e novidades de tecnologia.<\/p>\n\n\n\n<p>Navegue a vontade em nosso site!<\/p>\n","protected":false},"excerpt":{"rendered":"<p>Seja bem vindo ao nosso site. Aqui voc\u00ea encontrar\u00e1 diversas Informa\u00e7\u00f5es do dia a dia e novidades de tecnologia. Navegue<\/p>\n","protected":false},"author":1,"featured_media":0,"parent":0,"menu_order":0,"comment_status":"closed","ping_status":"closed","template":"","meta":{"colormag_page_container_layout":"default_layout","colormag_page_sidebar_layout":"default_layout","footnotes":""},"class_list":["post-10044","page","type-page","status-publish","hentry"],"aioseo_notices":[],"_links":{"self":[{"href":"https:\/\/informetech.online\/index.php?rest_route=\/wp\/v2\/pages\/10044","targetHints":{"allow":["GET"]}}],"collection":[{"href":"https:\/\/informetech.online\/index.php?rest_route=\/wp\/v2\/pages"}],"about":[{"href":"https:\/\/informetech.online\/index.php?rest_route=\/wp\/v2\/types\/page"}],"author":[{"embeddable":true,"href":"https:\/\/informetech.online\/index.php?rest_route=\/wp\/v2\/users\/1"}],"replies":[{"embeddable":true,"href":"https:\/\/informetech.online\/index.php?rest_route=%2Fwp%2Fv2%2Fcomments&post=10044"}],"version-history":[{"count":3,"href":"https:\/\/informetech.online\/index.php?rest_route=\/wp\/v2\/pages\/10044\/revisions"}],"predecessor-version":[{"id":10511,"href":"https:\/\/informetech.online\/index.php?rest_route=\/wp\/v2\/pages\/10044\/revisions\/10511"}],"wp:attachment":[{"href":"https:\/\/informetech.online\/index.php?rest_route=%2Fwp%2Fv2%2Fmedia&parent=10044"}],"curies":[{"name":"wp","href":"https:\/\/api.w.org\/{rel}","templated":true}]}}